{"id":147,"date":"2015-04-22T09:38:38","date_gmt":"2015-04-22T09:38:38","guid":{"rendered":"http:\/\/demo.shufflehound.com\/maskitto-light-green\/?page_id=18"},"modified":"2024-02-01T18:52:45","modified_gmt":"2024-02-01T17:52:45","slug":"about-us-our-goals-2","status":"publish","type":"page","link":"http:\/\/Hagelschadenst\u00fctzpunkt.de\/","title":{"rendered":"Home"},"content":{"rendered":"<div id=\"pl-147\"  class=\"panel-layout\" ><div id=\"pg-147-0\"  class=\"panel-grid panel-no-style\" ><div id=\"pgc-147-0-0\"  class=\"panel-grid-cell\" ><div id=\"panel-147-0-0-0\" class=\"so-panel widget widget_sow-slider panel-first-child\" data-index=\"0\" ><div\n\t\t\t\n\t\t\tclass=\"so-widget-sow-slider so-widget-sow-slider-default-888dc3bf7bce-147\"\n\t\t\t\n\t\t>\t\t\t\t<div class=\"sow-slider-base\" style=\"display: none\">\n\t\t\t\t\t<ul\n\t\t\t\t\tclass=\"sow-slider-images\"\n\t\t\t\t\tdata-settings=\"{&quot;pagination&quot;:true,&quot;speed&quot;:1000,&quot;timeout&quot;:5000,&quot;paused&quot;:false,&quot;pause_on_hover&quot;:false,&quot;swipe&quot;:true,&quot;nav_always_show_desktop&quot;:&quot;&quot;,&quot;nav_always_show_mobile&quot;:&quot;&quot;,&quot;breakpoint&quot;:&quot;780px&quot;,&quot;unmute&quot;:false,&quot;anchor&quot;:null}\"\n\t\t\t\t\t\t\t\t\t\tdata-anchor-id=\"\"\n\t\t\t\t>\t\t<li class=\"sow-slider-image  sow-slider-image-cover\" style=\"visibility: visible;;background-image: url(http:\/\/Hagelschadenst\u00fctzpunkt.de\/wp-content\/uploads\/2017\/01\/IMG_4718-e1485708836201.jpg)\" >\n\t\t\t\t\t\t<img width=\"1500\" height=\"1125\" src=\"http:\/\/Hagelschadenst\u00fctzpunkt.de\/wp-content\/uploads\/2017\/01\/IMG_4718-e1485708836201.jpg\" class=\"sow-slider-background-image skip-lazy\" alt=\"\" decoding=\"async\" loading=\"eager\" style=\"\" \/>\t\t<\/li>\n\t\t\t\t<li class=\"sow-slider-image  sow-slider-image-cover\" style=\"visibility: hidden;;background-image: url(http:\/\/Hagelschadenst\u00fctzpunkt.de\/wp-content\/uploads\/2017\/01\/IMG_5912-e1485708908283.jpg)\" >\n\t\t\t\t\t\t<img width=\"1500\" height=\"1125\" src=\"http:\/\/Hagelschadenst\u00fctzpunkt.de\/wp-content\/uploads\/2017\/01\/IMG_5912-e1485708908283.jpg\" class=\"sow-slider-background-image skip-lazy\" alt=\"\" decoding=\"async\" loading=\"eager\" style=\"\" \/>\t\t<\/li>\n\t\t\t\t<li class=\"sow-slider-image  sow-slider-image-cover\" style=\"visibility: hidden;;background-image: url(http:\/\/Hagelschadenst\u00fctzpunkt.de\/wp-content\/uploads\/2017\/01\/file-2.jpeg)\" >\n\t\t\t\t\t\t<img width=\"1600\" height=\"1200\" src=\"http:\/\/Hagelschadenst\u00fctzpunkt.de\/wp-content\/uploads\/2017\/01\/file-2.jpeg\" class=\"sow-slider-background-image skip-lazy\" alt=\"\" decoding=\"async\" loading=\"eager\" style=\"\" srcset=\"http:\/\/Hagelschadenst\u00fctzpunkt.de\/wp-content\/uploads\/2017\/01\/file-2.jpeg 1600w, http:\/\/Hagelschadenst\u00fctzpunkt.de\/wp-content\/uploads\/2017\/01\/file-2-300x225.jpeg 300w, http:\/\/Hagelschadenst\u00fctzpunkt.de\/wp-content\/uploads\/2017\/01\/file-2-768x576.jpeg 768w, http:\/\/Hagelschadenst\u00fctzpunkt.de\/wp-content\/uploads\/2017\/01\/file-2-1024x768.jpeg 1024w\" sizes=\"(max-width: 1600px) 100vw, 1600px\" \/>\t\t<\/li>\n\t\t\t\t<li class=\"sow-slider-image  sow-slider-image-cover\" style=\"visibility: hidden;;background-image: url(http:\/\/Hagelschadenst\u00fctzpunkt.de\/wp-content\/uploads\/2022\/04\/IMG_0487-scaled-e1651214336967.jpg)\" >\n\t\t\t\t\t\t<img width=\"2560\" height=\"1600\" src=\"http:\/\/Hagelschadenst\u00fctzpunkt.de\/wp-content\/uploads\/2022\/04\/IMG_0487-scaled-e1651214336967.jpg\" class=\"sow-slider-background-image skip-lazy\" alt=\"\" decoding=\"async\" loading=\"eager\" style=\"\" srcset=\"http:\/\/Hagelschadenst\u00fctzpunkt.de\/wp-content\/uploads\/2022\/04\/IMG_0487-scaled-e1651214336967.jpg 2560w, http:\/\/Hagelschadenst\u00fctzpunkt.de\/wp-content\/uploads\/2022\/04\/IMG_0487-scaled-e1651214336967-300x188.jpg 300w, http:\/\/Hagelschadenst\u00fctzpunkt.de\/wp-content\/uploads\/2022\/04\/IMG_0487-scaled-e1651214336967-1024x640.jpg 1024w, http:\/\/Hagelschadenst\u00fctzpunkt.de\/wp-content\/uploads\/2022\/04\/IMG_0487-scaled-e1651214336967-768x480.jpg 768w, http:\/\/Hagelschadenst\u00fctzpunkt.de\/wp-content\/uploads\/2022\/04\/IMG_0487-scaled-e1651214336967-1536x960.jpg 1536w, http:\/\/Hagelschadenst\u00fctzpunkt.de\/wp-content\/uploads\/2022\/04\/IMG_0487-scaled-e1651214336967-2048x1280.jpg 2048w\" sizes=\"(max-width: 2560px) 100vw, 2560px\" \/>\t\t<\/li>\n\t\t\t\t<li class=\"sow-slider-image  sow-slider-image-cover\" style=\"visibility: hidden;;background-image: url(http:\/\/Hagelschadenst\u00fctzpunkt.de\/wp-content\/uploads\/2024\/02\/IMG_5200-scaled.jpg)\" >\n\t\t\t\t\t\t<img width=\"2560\" height=\"1920\" src=\"http:\/\/Hagelschadenst\u00fctzpunkt.de\/wp-content\/uploads\/2024\/02\/IMG_5200-scaled.jpg\" class=\"sow-slider-background-image skip-lazy\" alt=\"\" decoding=\"async\" loading=\"eager\" style=\"\" srcset=\"http:\/\/Hagelschadenst\u00fctzpunkt.de\/wp-content\/uploads\/2024\/02\/IMG_5200-scaled.jpg 2560w, http:\/\/Hagelschadenst\u00fctzpunkt.de\/wp-content\/uploads\/2024\/02\/IMG_5200-300x225.jpg 300w, http:\/\/Hagelschadenst\u00fctzpunkt.de\/wp-content\/uploads\/2024\/02\/IMG_5200-1024x768.jpg 1024w, http:\/\/Hagelschadenst\u00fctzpunkt.de\/wp-content\/uploads\/2024\/02\/IMG_5200-768x576.jpg 768w, http:\/\/Hagelschadenst\u00fctzpunkt.de\/wp-content\/uploads\/2024\/02\/IMG_5200-1536x1152.jpg 1536w, http:\/\/Hagelschadenst\u00fctzpunkt.de\/wp-content\/uploads\/2024\/02\/IMG_5200-2048x1536.jpg 2048w\" sizes=\"(max-width: 2560px) 100vw, 2560px\" \/>\t\t<\/li>\n\t\t<\/ul>\t\t\t\t<ol class=\"sow-slider-pagination\">\n\t\t\t\t\t\t\t\t\t\t\t<li><a href=\"#\" data-goto=\"0\" aria-label=\"display slide 1\"><\/a><\/li>\n\t\t\t\t\t\t\t\t\t\t\t<li><a href=\"#\" data-goto=\"1\" aria-label=\"display slide 2\"><\/a><\/li>\n\t\t\t\t\t\t\t\t\t\t\t<li><a href=\"#\" data-goto=\"2\" aria-label=\"display slide 3\"><\/a><\/li>\n\t\t\t\t\t\t\t\t\t\t\t<li><a href=\"#\" data-goto=\"3\" aria-label=\"display slide 4\"><\/a><\/li>\n\t\t\t\t\t\t\t\t\t\t\t<li><a href=\"#\" data-goto=\"4\" aria-label=\"display slide 5\"><\/a><\/li>\n\t\t\t\t\t\t\t\t\t<\/ol>\n\n\t\t\t\t<div class=\"sow-slide-nav sow-slide-nav-next\">\n\t\t\t\t\t<a href=\"#\" data-goto=\"next\" aria-label=\"next slide\" data-action=\"next\">\n\t\t\t\t\t\t<em class=\"sow-sld-icon-thin-right\"><\/em>\n\t\t\t\t\t<\/a>\n\t\t\t\t<\/div>\n\n\t\t\t\t<div class=\"sow-slide-nav sow-slide-nav-prev\">\n\t\t\t\t\t<a href=\"#\" data-goto=\"previous\" aria-label=\"previous slide\" data-action=\"prev\">\n\t\t\t\t\t\t<em class=\"sow-sld-icon-thin-left\"><\/em>\n\t\t\t\t\t<\/a>\n\t\t\t\t<\/div>\n\t\t\t\t<\/div><\/div><\/div><div id=\"panel-147-0-0-1\" class=\"so-panel widget widget_text\" data-index=\"1\" ><h3 class=\"widget-title\">Service in unseren St\u00fctzpunkten<\/h3>\t\t\t<div class=\"textwidget\"><p><strong>Dellenentfernung ohne Lackieren (DoL)<\/strong> ist eine Ausbeultechnik mit der sich Hagel-, Sturm und Kastaniensch\u00e4den entfernen lassen. (Versicherung Teilkasko) Hier wird mit Hebeln gedr\u00fcckt und gekloppft, deshalb hei\u00dft es in Fachkreisen auch Kaltdr\u00fccken. Der Vorteil ist, dass die besch\u00e4digten Karosserieteile nicht lackiert werden m\u00fcssen. Das spart Zeit und senkt die Kosten um bis zu 70%! Durch den geringen Materialaufwand und dem niedrigen Energieverbrauch gegen\u00fcber dem Lackieren, schont es die Umwelt und Gesundheit. Die Reparaturwahl DoL wird auch bei Parkplatzsch\u00e4den eingesetzt, welche von immer mehr Versicherungen bevorzugt wird.<\/p>\n<p><strong>Smart-Repair Spot-Repair<\/strong> ist eine preiswerte Lackiermethode, sie ist bis zu 70% g\u00fcnstiger gegen\u00fcber der altbew\u00e4hrten Lackierung. Ein weiterer Vorteil ist, dass duch wenig Materialeinsatz zum gr\u00f6\u00dften Teil der original Lack erhalten bleibt. Durch kurze Reparaturzeit, kann der Wagen noch am selben Tag fertiggestellt werden. Die Vorteile \u00fcberwiegen: -schnell aber trotzdem hochwertig durch professionelle Bearbeitung -g\u00fcnstiger als eine Komplettlackierung des Bauteils (kein Ab- und Anbauen durch punktuelle Lackierung) -wenig Material und Energieeinsatz schont zus\u00e4tzlich noch die Umwelt Senden Sie uns Bilder von Ihrem Schaden oder kommen Sie vorbei, dann k\u00f6nnen wir Ihnen einen fachgerechten Kostenvoranschlag unterbreiten.<\/p>\n<p><strong>Autoglas<\/strong><br \/>\nOb Steinschlag, Einbruch oder Vandalismus wir reparieren Ihre Scheibe oder wechseln diese aus. Steinschlagreparatur hilft Ihnen, auf schnelle Weise die Scheibe zu reparieren bevor ein Riss entsteht. Sie sparen Zeit und Geld und Ihre Kaskoversicherung \u00fcbernimmt in der Regel den Schaden. Beim Scheibenwechsel, \u00fcbernimmt die Kaskoversicherung den Schaden abz\u00fcglich Ihrer Selbstbeteiligung und die liegt in der Regel bei 150\u20ac. Bringen Sie einfach Ihren Versicherungsschein mit und wir k\u00fcmmern uns um die Abwicklung.<\/p>\n<p><strong>Leasingr\u00fcckl\u00e4ufer<\/strong><br \/>\nWir haben die M\u00f6glichkeit, Sie den Vorteil. Leasingfahrzeuge werden meistens von einem Sachverst\u00e4ndigen in Ihrem Autohaus bewertet, er wird optische M\u00e4ngel feststellten. Diese Kosten werden Ihnen dann in Rechnung gestellt. Aus dem Grund kommen Sie rechtzeitig zu uns. Am Besten ein bis zwei Monate vor Ende des Leasingvertrages. Durch Behebung von Blech- und Lacksch\u00e4den sorgen wir f\u00fcr eine enorme Kostensenkung Ihres Leasingfahrzeuges. So macht Ihr Fahrzeug auch bei der R\u00fcckgabebewertung einen ordentlichen und optisch mangelfreien Eindruck. Lassen Sie sich von uns pers\u00f6nlich beraten welche Reparaturm\u00f6glichkeiten es f\u00fcr Sie gibt<br \/>\nSenden Sie uns Bilder von Ihrem Schaden oder kommen Sie vorbei, dann k\u00f6nnen wir Ihnen einen fachgerechten Kostenvoranschlag unterbreiten.<\/p>\n<p>Haben Sie noch Fragen?<br \/>\nUnser Service-Team informiert Sie gerne, entweder telefonisch oder per E-Mail.<\/p>\n<\/div>\n\t\t<\/div><div id=\"panel-147-0-0-2\" class=\"so-panel widget widget_text\" data-index=\"2\" ><div class=\"anker panel-widget-style panel-widget-style-for-147-0-0-2\" >\t\t\t<div class=\"textwidget\"><a id=\"service\" class=\"anker\"<\/a><\/div>\n\t\t<\/div><\/div>\r\n    <div id=\"panel-147-0-0-3\" class=\"so-panel widget widget_maskitto_counter\" data-index=\"3\" >                    <div class=\"page-section\" style=\"padding-top: 5px;\">\r\n                <div class=\"container countup-list\">\r\n                                            <div class=\"countup-item\">\r\n                            <div class=\"countup-circle\">1861626<\/div>\r\n                            <div class=\"countup-title\">DELLEN<\/div>\r\n                        <\/div>\r\n                    \r\n                                            <div class=\"countup-item\">\r\n                            <div class=\"countup-circle\">6215<\/div>\r\n                            <div class=\"countup-title\">HAGELSCH\u00c4DEN<\/div>\r\n                        <\/div>\r\n                    \r\n                                            <div class=\"countup-item\">\r\n                            <div class=\"countup-circle\">761<\/div>\r\n                            <div class=\"countup-title\">STURMSCH\u00c4DEN<\/div>\r\n                        <\/div>\r\n                    \r\n                                            <div class=\"countup-item\">\r\n                            <div class=\"countup-circle\">20<\/div>\r\n                            <div class=\"countup-title\">JAHRE<\/div>\r\n                        <\/div>\r\n                                    <\/div>\r\n            <\/div>\r\n            <\/div>\r\n\r\n    <div id=\"panel-147-0-0-4\" class=\"so-panel widget widget_maskitto_include_other_page\" data-index=\"4\" ><div class=\"panel-widget-style panel-widget-style-for-147-0-0-4\" >\t        <div id=\"page-id-32\" class=\"page- page-section\" style=\"background-color: #f9f9f9;\">\r\n\t            <div class=\"container page-list page-no-subtitle\">\r\n\r\n\r\n\t                \r\n\t                    \t                        <div class=\"page-node section-title text-center\">\r\n\t                            <h3 style=\"\">\r\n\t                                HAGELSCH\u00c4DEN\t                                \t                            <\/h3>\r\n\r\n\t                            \r\n\t                            \t                                <div class=\"section-title-line\"><\/div>\r\n\t                            \t                        <\/div>\r\n\t                    \r\n\t                    \t                        <div class=\"page-node section-content\" style=\"\">\r\n\t                            <div class=\"post-inner\">\r\n\t                                <p><strong>Mit dem Hagelschadenst\u00fctzpunkt sind Sie auf der sicheren Seite.<\/strong><\/p>\n<p><span class=\"auto-style3\">Unsere Techniker haben das Know How um Ihr(en)<\/p>\n<p>    Privatfahrzeug<br \/>\n    Leasingfahrzeug<br \/>\n    Fuhrpark<br \/>\n    Gebrauchtwagenbestand <\/p>\n<p>in einen schadenfreien Zustand zu bringen und ihre Kosten zu senken.<br \/>\nUnser Servie umfasst Schadenmanagement, Abwicklung und Reparatur in h\u00f6chster Qualit\u00e4t zum fairen Preis. F\u00fcr die Versicherung, ist nach einem Hagelunwetter die erste Reparaturmethode das Dellenentfernen ohne Lackieren. Durch diverse Kalkulationsprogramme (Audatex, DAT, Schwacke usw.) k\u00f6nnen die Sachverst\u00e4ndigen der Versicherungen den Schaden schnell aufnehmen. Danach kann sofort und ohne gro\u00dfe Wartezeit mit der Reparatur der Fahrzeuge begonnen werden.<br \/>\nDurch kurze Reparaturzeit und wenig Einsatz von Materialien, spart das Geld und schon die Umwelt.<\/span><\/p>\n<p>&nbsp;<br \/>\n<img decoding=\"async\" loading=\"lazy\" src=\"http:\/\/rostock-beulendoktor.de\/wp-content\/uploads\/2016\/04\/IMG_5845-300x225.jpg\" alt=\"IMG_5845\" width=\"500\" height=\"225\" class=\"alignnone size-medium wp-image-14\" \/><br \/>\n&nbsp;<\/p>\n<p align=\"left\"><span class=\"auto-style1\"> <span class=\"auto-style3\">Entscheiden Sie sich f\u00fcr den Hagelschadenst\u00fctzpunkt<\/span><\/span><\/p>\n<ul>\n<li><strong>Jahrzehnte lange Erfahrung<\/strong><\/li>\n<li><strong>Hohe Werterhaltung da Originallack<\/strong><\/li>\n<li><strong>Selbst bei schweren Sch\u00e4den versuchen wir den Originallack zu erhalten<\/strong><\/li>\n<li><strong>zuverl\u00e4ssige und qualitativ hochwertige Abwicklung<\/strong><\/li>\n<\/ul>\n<p><span class=\"auto-style1\">Hagelsch\u00e4den am Fahrzeug sind heut zu Tage kein Problem mehr.<br \/>\nDurch unser gro\u00dfes Netzwerk an Technikern sind wir in Deutschland weit verbreitet.<br \/>\nSt\u00fctzpunkte bei Ihnen in der N\u00e4he? Rufen Sie uns an oder schreiben Sie uns eine E-Mail.<br \/>\n<\/span><\/p>\n<p><strong>Sturm- und Hagelsch\u00e4den werden in der Regel durch Ihre<br \/>\nKaskoversicherung abgedeckt!<\/strong><\/div>\n<\/div>\n<p><!-- BEGIN PARTNER PROGRAM - DO NOT CHANGE THE PARAMETERS OF THE HYPERLINK --><br \/>\n<script type=\"text\/javascript\" src=\"http:\/\/banners.webmasterplan.com\/view.asp?ref=797163&#038;js=1&#038;site=13682&#038;b=8&#038;target=_blank&#038;title=Sixt+-+DE\" ><\/script><noscript><a href=\"http:\/\/partners.webmasterplan.com\/click.asp?ref=797163&#038;site=13682&#038;type=b8&#038;bnb=8\" target=\"_blank\"><br \/>\n<img decoding=\"async\" loading=\"lazy\" src=\"http:\/\/banners.webmasterplan.com\/view.asp?ref=797163&#038;site=13682&#038;b=8\" border=\"0\" title=\"Sixt - DE\" alt=\"Sixt - DE\" width=\"640\" height=\"150\" \/><\/a><\/noscript><br \/>\n<!-- END PARTNER PROGRAM --><\/p>\n\t                            <\/div>\r\n\t                        <\/div>\r\n\t                    \r\n\t                \r\n\r\n\t                            \r\n\r\n\r\n\t                \t                \r\n\r\n\t\t\t\t\t\t\t                \t                \t            <\/div>\r\n\t        <\/div>\r\n\r\n\r\n\t        \r\n\r\n\t\t<\/div><\/div>\r\n    <div id=\"panel-147-0-0-5\" class=\"so-panel widget widget_maskitto_projects\" data-index=\"5\" >                    <div class=\"page-section portfolio-categories-enabled\" style=\"padding-bottom: 0;\">\r\n                <div class=\"container page-no-subtitle\">\r\n                    \r\n                                            <div class=\"portfolio-categories-container\">\r\n                            <div  class=\"portfolio-categories\" role=\"tabpanel\">\r\n                                <ul class=\"nav nav-tabs\" role=\"tablist\">\r\n                                    <li role=\"presentation\" class=\"active\"><a href=\"#all76607\" role=\"tab\" data-toggle=\"tab\">All<\/a><\/li>\r\n                                                                    <\/ul>\r\n                            <\/div>\r\n                        <\/div>\r\n                                    <\/div>\r\n            <\/div>\r\n                <div class=\"page-section\" style=\"padding: 0;\">\r\n\r\n        \r\n            <div role=\"tabpanel\" class=\"portfolio-white-space\">\r\n                <div class=\"tab-content\">\r\n                    <div role=\"tabpanel\" class=\"tab-pane fade in active\" id=\"all76607\">\r\n                        <div class=\"row portfolio-list\">\r\n                                                    <\/div>\r\n                    <\/div>\r\n\r\n                                                                                <\/div>\r\n            <\/div>\r\n\r\n        <\/div>\r\n    <\/div>    <div id=\"panel-147-0-0-6\" class=\"so-panel widget widget_text\" data-index=\"6\" ><div class=\"anker panel-widget-style panel-widget-style-for-147-0-0-6\" >\t\t\t<div class=\"textwidget\"><a id=\"stu\" class=\"anker\"<\/a><\/div>\n\t\t<\/div><\/div><div id=\"panel-147-0-0-7\" class=\"so-panel widget widget_maskitto_include_other_page panel-last-child\" data-index=\"7\" ><div class=\"stu panel-widget-style panel-widget-style-for-147-0-0-7\" >\t        <div id=\"page-id-148\" class=\"page- page-section\" style=\"\">\r\n\t            <div class=\"container page-list page-no-subtitle\">\r\n\r\n\r\n\t                \r\n\t                    \t                        <div class=\"page-node section-title text-center\">\r\n\t                            <h3 style=\"\">\r\n\t                                ST\u00dcTZPUNKTE\t                                \t                            <\/h3>\r\n\r\n\t                            \r\n\t                            \t                                <div class=\"section-title-line\"><\/div>\r\n\t                            \t                        <\/div>\r\n\t                    \r\n\t                    \t                        <div class=\"page-node section-content\" style=\"\">\r\n\t                            <div class=\"post-inner\">\r\n\t                                <p style=\"text-align: center;\"><strong>Region Rostock<\/strong><br \/>\nAnsprechpartner: Robert Schwarz<\/p>\n<p style=\"text-align: center;\">Tel. 0172 30 28 557<br \/>\n<iframe loading=\"lazy\" src=\"https:\/\/www.google.com\/maps\/embed?pb=!1m18!1m12!1m3!1d2339.6680185329596!2d12.17457521586685!3d54.09736118014321!2m3!1f0!2f0!3f0!3m2!1i1024!2i768!4f13.1!3m3!1m2!1s0x0%3A0x86c044c7262fdf50!2sHagelschadenst%C3%BCtzpunkt!5e0!3m2!1sde!2sus!4v1486149489077\" width=\"700\" height=\"300\" frameborder=\"0\" style=\"border:0\" allowfullscreen><\/iframe><\/p>\n<p style=\"text-align: center;\"><strong>Region Jerichowerland<\/strong><br \/>\nAnsprechpartner: Mario M\u00e4ser<\/p>\n<p style=\"text-align: center;\">Tel. 0152 288 20 552<br \/>\n<iframe loading=\"lazy\" src=\"https:\/\/www.google.com\/maps\/embed?pb=!1m18!1m12!1m3!1d155734.9421114875!2d12.078078200053175!3d52.41830218652956!2m3!1f0!2f0!3f0!3m2!1i1024!2i768!4f13.1!3m3!1m2!1s0x47a8b55988edd7c9%3A0x5bdc629978119fb4!2sjunited+AUTOGLAS+Genthin!5e0!3m2!1sde!2sde!4v1464883744638\" width=\"700\" height=\"300\" frameborder=\"0\" style=\"border:0\" allowfullscreen><\/iframe><\/p>\n<p><p style=\"text-align: center;\"><strong>Region Hannover<\/strong><br \/>\nAnsprechpartner: Robert Schwarz<\/p>\n<p style=\"text-align: center;\">Tel. 0172 30 28 557<br \/>\n<iframe loading=\"lazy\" src=\"https:\/\/www.google.com\/maps\/embed?pb=!1m18!1m12!1m3!1d311699.5010207389!2d9.394704932544192!3d52.38578841970278!2m3!1f0!2f0!3f0!3m2!1i1024!2i768!4f13.1!3m3!1m2!1s0x47b0711ddfd995d5%3A0xa866d838586956c3!2sPlanb+Folientechnik!5e0!3m2!1sde!2sde!4v1464883919293\" width=\"700\" height=\"300\" frameborder=\"0\" style=\"border:0\" allowfullscreen><\/iframe><\/p>\n<p><p style=\"text-align: center;\"><strong>Region Velbert, Hilden, D\u00fcsseldorf<\/strong><br \/>\nAnsprechpartner: Roberto Sabia<\/p>\n<p style=\"text-align: center;\">Tel. 0171 67 29 168<br \/>\n<iframe loading=\"lazy\" style=\"border: 0;\" src=\"https:\/\/www.google.com\/maps\/embed?pb=!1m10!1m8!1m3!1d159801.3585669541!2d6.983961!3d51.25782!3m2!1i1024!2i768!4f13.1!5e0!3m2!1sde!2sde!4v1460313613788\" width=\"700\" height=\"300\" frameborder=\"0\" allowfullscreen=\"allowfullscreen\"><\/iframe><\/p>\n<p style=\"text-align: center;\"><strong>Region D\u00fcsseldorf, Langenfeld, K\u00f6ln<\/strong><br \/>\nAnsprechpartner: Bruno Sabia<\/p>\n<p style=\"text-align: center;\">Tel. 0172 10 32 003<br \/>\n<iframe loading=\"lazy\" style=\"border: 0;\" src=\"https:\/\/www.google.com\/maps\/embed?pb=!1m10!1m8!1m3!1d320769.6057044146!2d6.83164!3d51.089776!3m2!1i1024!2i768!4f13.1!5e0!3m2!1sde!2sde!4v1460313657440\" width=\"700\" height=\"300\" frameborder=\"0\" allowfullscreen=\"allowfullscreen\"><\/iframe><\/p>\n\t                            <\/div>\r\n\t                        <\/div>\r\n\t                    \r\n\t                \r\n\r\n\t                            \r\n\r\n\r\n\t                \t                    <a href=\"#\" class=\"btn btn-default page-node section-button section-button-light\">\r\n\t                        \t                        stu\t                    <\/a>\r\n\t                \t                \r\n\r\n\t\t\t\t\t\t\t                \t                \t            <\/div>\r\n\t        <\/div>\r\n\r\n\r\n\t        \r\n\r\n\t\t<\/div><\/div><\/div><\/div><\/div>","protected":false},"excerpt":{"rendered":"<p>Service in unseren St\u00fctzpunkten Dellenentfernung ohne Lackieren (DoL) ist eine Ausbeultechnik mit der sich Hagel-, Sturm und Kastaniensch\u00e4den entfernen lassen. (Versicherung Teilkasko) Hier wird mit Hebeln gedr\u00fcckt und gekloppft, deshalb hei\u00dft es in Fachkreisen auch Kaltdr\u00fccken. Der Vorteil ist, dass die besch\u00e4digten Karosserieteile nicht lackiert werden m\u00fcssen. Das spart Zeit und senkt die Kosten um [&hellip;]<\/p>\n","protected":false},"author":1,"featured_media":0,"parent":0,"menu_order":1,"comment_status":"open","ping_status":"closed","template":"template-home.php","meta":[],"_links":{"self":[{"href":"http:\/\/Hagelschadenst\u00fctzpunkt.de\/index.php?rest_route=\/wp\/v2\/pages\/147"}],"collection":[{"href":"http:\/\/Hagelschadenst\u00fctzpunkt.de\/index.php?rest_route=\/wp\/v2\/pages"}],"about":[{"href":"http:\/\/Hagelschadenst\u00fctzpunkt.de\/index.php?rest_route=\/wp\/v2\/types\/page"}],"author":[{"embeddable":true,"href":"http:\/\/Hagelschadenst\u00fctzpunkt.de\/index.php?rest_route=\/wp\/v2\/users\/1"}],"replies":[{"embeddable":true,"href":"http:\/\/Hagelschadenst\u00fctzpunkt.de\/index.php?rest_route=%2Fwp%2Fv2%2Fcomments&post=147"}],"version-history":[{"count":84,"href":"http:\/\/Hagelschadenst\u00fctzpunkt.de\/index.php?rest_route=\/wp\/v2\/pages\/147\/revisions"}],"predecessor-version":[{"id":446,"href":"http:\/\/Hagelschadenst\u00fctzpunkt.de\/index.php?rest_route=\/wp\/v2\/pages\/147\/revisions\/446"}],"wp:attachment":[{"href":"http:\/\/Hagelschadenst\u00fctzpunkt.de\/index.php?rest_route=%2Fwp%2Fv2%2Fmedia&parent=147"}],"curies":[{"name":"wp","href":"https:\/\/api.w.org\/{rel}","templated":true}]}}